{"id":1224,"date":"2020-04-15T00:00:51","date_gmt":"2020-04-15T04:00:51","guid":{"rendered":"https:\/\/el-perico.kaageg0-liquidwebsites.com\/?page_id=1224"},"modified":"2022-04-12T13:54:38","modified_gmt":"2022-04-12T17:54:38","slug":"acerca-de","status":"publish","type":"page","link":"https:\/\/el-perico.com\/es\/acerca-de\/","title":{"rendered":"Acerca de Nosotros"},"content":{"rendered":"<div class=\"content-outer-wrapper\">\n<div class=\"content-wrapper container main \">\n<div id=\"post-111\" class=\"post-111 page type-page status-publish hentry\">\n<div class=\"page-wrapper normal-sidebar single-page \">\n<div class=\"row gdl-page-row-wrapper\">\n<div class=\"gdl-page-left mb0 twelve columns\">\n<div class=\"row\">\n<div class=\"gdl-page-item mb0 twelve columns\">\n<div class=\"row\">\n<div class=\"twelve columns mb45\">\n<div class=\"gdl-page-content\">\n<p>&nbsp;<\/p>\n<p><em>El Perico <\/em>es un medio de comunicaci\u00f3n biling\u00fce (espa\u00f1ol\/ingl\u00e9s) impreso y con plataforma digital de la ciudad de Omaha. Fue creado en 1999 por ABM Enterprises y sus tres fundadores: Carlos \u00c1lvarez, John Barrientos y Marcos Mora. En 2004, <em>El Perico<\/em> se convirti\u00f3 en parte de la editorial Pioneer Publishing, uni\u00e9ndose as\u00ed a los medios de comunicaci\u00f3n alternativos originales de Omaha, <em>The Reader<\/em>, y uno de sus primeros puestos de trabajo y recursos profesionales, Omahajobs.com.<\/p>\n<p>El contenido editorial de <em>El Perico<\/em> incluye historias locales, nacionales e internacionales m\u00e1s relevantes para la diversa comunidad latina en Omaha. La mayor\u00eda de las historias est\u00e1n en ambas lenguas, espa\u00f1ol e ingl\u00e9s, pero algunas solo est\u00e1n en espa\u00f1ol, ya que la mayor\u00eda de las veces la versi\u00f3n en ingl\u00e9s est\u00e1 publicada en <em>The Reader.<\/em><\/p>\n<p>Galardonado por su cobertura El Perico (tres <a href=\"La%20galardonada%20cobertura%20de%20El%20Perico%20(tres%20Premios%20Jos\u00e9%20Mart\u00ed)%20incluye%20noticias%20importantes%20de%20la%20comunidad,%20especialmente%20inmigraci\u00f3n,%20organizaci\u00f3n,%20salud,%20educaci\u00f3n%20y%20pol\u00edtica,%20as\u00ed%20como%20la%20vida%20comunitaria%20(nuestra%20secci\u00f3n%20de%20fotos%20de%20la%20comunidad%20y%20perfiles%20de%20negocios),%20deportes,%20cultura%20y%20empleo.%20Junto%20con%20su%20publicaci\u00f3n%20hermana%20The%20Reader,%20El%20Perico%20ha%20liderado%20la%20cobertura%20del%20aumento%20de%20las%20actividades%20nativistas%20(fuimos%20los%20primeros%20en%20cubrir%20el%20impulso%20de%20Kris%20Kobach%20para%20implementar%20las%20leyes%20de%20inmigraci\u00f3n%20locales,%20incluso%20en%20Fremont,%20NE),%20la%20organizaci\u00f3n%20de%20los%20trabajadores%20(y%20la%20lucha%20por%20condiciones%20laborales%20justas)%20y%20compromiso%20c\u00edvico,%20trabajando%20con%20KETV,%20afiliado%20de%20ABC,%20para%20cubrir%20el%20cierre%20de%20los%20centros%20de%20votaci\u00f3n%20en%20las%20comunidades%20minoritarias%20en%202012,%20la%20mitad%20de%20los%20cuales%20fueron%20restaurados%20despu\u00e9s%20de%20nuestro%20informe)%20y%20el%20Centro%20de%20Trabajadores%20de%20Heartland%20para%20promover%20la%20organizaci\u00f3n%20del%20vecindario%20y%20distribuir%20las%20Gu\u00edas%20de%20Votantes.\">Premios Jos\u00e9 Mart\u00ed<\/a>) incluye noticias importantes de la comunidad, especialmente sobre inmigraci\u00f3n, organizaci\u00f3n, salud, educaci\u00f3n y pol\u00edtica, as\u00ed como la vida comunitaria &#8211; como nuestra secci\u00f3n de fotos de la comunidad y perfiles de negocios &#8211; deportes, cultura y empleo. Junto con su publicaci\u00f3n hermana <em>The Reader<\/em>,<em> El Perico<\/em> ha liderado la cobertura del auge de las actividades de los nativos (fuimos los primeros en cubrir el impulso del pol\u00edtico Kris Kobach para implementar las leyes de inmigraci\u00f3n locales, incluso en Fremont, NE), la organizaci\u00f3n de los trabajadores y la lucha por condiciones laborales justas. Adem\u00e1s del compromiso c\u00edvico, trabajando de la mano con <a href=\"https:\/\/www.ketv.com\/article\/study-shows-impact-of-closed-polling-places\/7634296\">KETV, afiliado de ABC<\/a>, para cubrir el cierre de los centros de votaci\u00f3n en las comunidades minoritarias en 2012 &#8211; la mitad de los cuales fueron restaurados despu\u00e9s de nuestro informe &#8211; y el Centro de Trabajadores de Heartland para promover la organizaci\u00f3n del vecindario y distribuir las Gu\u00edas de Votantes.<\/p>\n<p>La editorial de El Perico est\u00e1 encabezada por el editor John Heaston y la editora asociada Karlha Vel\u00e1squez, con una amplia gama de colaboradores de la comunidad, especialmente el escritor y editor Salvador Robles y el fot\u00f3grafo \/ escritor Bernardo Montoya.<\/p>\n<h2>EVENTOS Y COMUNIDAD<\/h2>\n<p>El Perico est\u00e1 involucrado durante todo el a\u00f1o en eventos comunitarios peque\u00f1os y grandes. Nos puede encontrar en grandes eventos como: Cinco De Mayo Omaha, D\u00eda del Ni\u00f1o, El Grito y en muchos otros. Y no solo seremos partes de estas festividades, sino que tambi\u00e9n estaremos tras bastidores&nbsp; trabajando para los eventos todo el a\u00f1o.<\/p>\n<h2>DISTRIBUCI\u00d3N, CREDIBILIDAD Y \u00c9TICA<\/h2>\n<p><img loading=\"lazy\" decoding=\"async\" class=\"size-full wp-image-3375 alignleft\" src=\"https:\/\/el-perico.com\/wp-content\/uploads\/2020\/04\/NAHP-LIGHT-BLUE-INCREDUX.png\" alt=\"\" width=\"196\" height=\"60\"><\/p>\n<p>El Perico se viene publicando desde 1999. Se imprimen y se distribuyen 6.000 copias por mes totalmente gratis el primer jueves de cada mes. Se puede encontrar en los supermercados, abarrotes y en peque\u00f1os negocios de la ciudad.<\/p>\n<p>Los puntos de distribuci\u00f3n se ubican por todo Omaha, con un enfoque en las \u00e1reas con la mayor concentraci\u00f3n de latinos.<\/p>\n<p>El Perico es un orgulloso miembro de la <a href=\"https:\/\/nahp.org\/\">Asociaci\u00f3n Nacional de Publicaciones Hispanas (NAHP)<\/a>, y cuyo editor John Heaston es suplente de la junta directiva.<\/p>\n<p>Nuestro equipo editorial se adhiere al<a href=\"https:\/\/www.poynter.org\/ifcn-fact-checkers-code-of-principles\/\"> C\u00f3digo de Principios de la Red Internacional de Verificaci\u00f3n de Hechos<\/a> del Instituto Poynter y sigue el <a href=\"https:\/\/www.spj.org\/ethicscode.asp\">C\u00f3digo de \u00c9tica de la Sociedad de Periodistas Profesionales<\/a>.<\/p>\n<\/div>\n<h2>VERIFICACI\u00d3N DE HECHOS Y CORRECCIONES<\/h2>\n<p>Como nuestro equipo editorial es humano y est\u00e1 adherido a la gu\u00eda de verificaci\u00f3n de hechos ofrecida por el <a href=\"https:\/\/www.poynter.org\/ifcn-fact-checkers-code-of-principles\/\">C\u00f3digo de Conducta de la Red Internacional de Verificaci\u00f3n de Hechos de Poynter<\/a>, si ve que en una nota se omite un hecho o es incorrecto, por favor <a href=\"https:\/\/el-perico.com\/contact-us\/\">cont\u00e1cteno<\/a> y la informaci\u00f3n ser\u00e1 corregida.<\/p>\n<div class=\"gdl-page-content\">\n<h2>QUI\u00c9N NOS LEE<\/h2>\n<p>Los inmigrantes de primera generaci\u00f3n representan la mayor porci\u00f3n de los lectores de El Perico. Pero esto no quiere decir que los de segunda y tercera generaci\u00f3n no lo conozcan, es m\u00e1s, tambi\u00e9n son leales a los esfuerzos de El Perico por mantener fuertes lazos con la comunidad, ahora explorando las redes sociales.<\/p>\n<p>La poblaci\u00f3n latina de Omaha est\u00e1 creciendo, pero todav\u00eda no contamos con encuestas en idioma espa\u00f1ol llevadas a cabo de forma precisa para medir el consumo de medios en el mercado. Sin embargo, seg\u00fan un estudio reciente llevado a cabo por Alloy Access and Excend Consulting Services, se encontr\u00f3 que un 82% de los 1.030 encuestados leen publicaciones latinas y reportaron compartir su copia con por lo menos una persona m\u00e1s y que han le\u00eddo tres o m\u00e1s de los \u00faltimos cinco ejemplares. Adem\u00e1s, el 63% de los lectores de peri\u00f3dicos latinos reportan revisar los anuncios por lo menos de forma frecuente, con un 24% comentando que siempre revisan los anuncios.<\/p>\n<p>En general:<\/p>\n<ul>\n<li>39% reporta compartir con un amigo la informaci\u00f3n de los anuncios.<\/li>\n<li>34% ha visitado el sitio web de un anunciante despu\u00e9s de leer un anuncio.<\/li>\n<li>20% de los encuestados han asistido a un evento, como un festival o una feria de empleo, gracias a un anuncio.<\/li>\n<li>25% de los que forman parte del segmento de 25 a 34 a\u00f1os de edad dijeron que es muy probable que llamen o visiten una tienda gracias a un anuncio.<\/li>\n<\/ul>\n<p>Para saber c\u00f3mo <em>El Perico<\/em> puede ayudar a su organizaci\u00f3n o negocio a llegar a la comunidad latina de Omaha, el m\u00e1s creciente consumidor en el \u00e1rea metropolitana, <a href=\"https:\/\/el-perico.com\/advertise\/\">cont\u00e1ctenos aqu\u00ed.<\/a> No solo ofrecemos nuestras soluciones publicitarias, sino que tambi\u00e9n ofrecemos soluciones digitales avanzadas, que incluyen publicidad, SEO y contenido, para llegar a nuestra comunidad.<\/p>\n<\/div>\n<\/div>\n<\/div>\n<\/div>\n<\/div>\n<\/div>\n<\/div>\n<\/div>\n<\/div>\n<\/div>\n<\/div>\n","protected":false},"excerpt":{"rendered":"<p>&nbsp; El Perico es un medio de comunicaci\u00f3n biling\u00fce (espa\u00f1ol\/ingl\u00e9s) impreso y con plataforma digital de la ciudad de Omaha. Fue creado en 1999 por ABM Enterprises y sus tres fundadores: Carlos \u00c1lvarez, John Barrientos y Marcos Mora. En 2004, El Perico se convirti\u00f3 en parte de la editorial Pioneer Publishing, uni\u00e9ndose as\u00ed a los [&hellip;]<\/p>\n","protected":false},"author":1,"featured_media":0,"parent":0,"menu_order":0,"comment_status":"closed","ping_status":"closed","template":"","meta":{"newspack_ads_suppress_ads":false,"newspack_content_restriction_is_exempt":false,"newspack_featured_image_position":"","newspack_hide_page_title":false,"newspack_show_share_buttons":false,"footnotes":""},"newspack_spnsrs_tax":[],"coauthors":[1233],"class_list":["post-1224","page","type-page","status-publish","hentry","entry"],"yoast_head":"<!-- This site is optimized with the Yoast SEO plugin v27.4 - https:\/\/yoast.com\/product\/yoast-seo-wordpress\/ -->\n<title>Acerca de Nosotros - el perico<\/title>\n<meta name=\"description\" content=\"El Perico es un medio biling\u00fce (espa\u00f1ol\/ingl\u00e9s) de Omaha, involucrado a trav\u00e9s de noticias con la vida hispana, migrantes y festividades locales.\" \/>\n<meta name=\"robots\" content=\"index, follow, max-snippet:-1, max-image-preview:large, max-video-preview:-1\" \/>\n<link rel=\"canonical\" href=\"https:\/\/el-perico.com\/es\/acerca-de\/\" \/>\n<meta property=\"og:locale\" content=\"es_ES\" \/>\n<meta property=\"og:type\" content=\"article\" \/>\n<meta property=\"og:title\" content=\"Acerca de Nosotros - el perico\" \/>\n<meta property=\"og:description\" content=\"El Perico es un medio biling\u00fce (espa\u00f1ol\/ingl\u00e9s) de Omaha, involucrado a trav\u00e9s de noticias con la vida hispana, migrantes y festividades locales.\" \/>\n<meta property=\"og:url\" content=\"https:\/\/el-perico.com\/es\/acerca-de\/\" \/>\n<meta property=\"og:site_name\" content=\"el perico\" \/>\n<meta property=\"article:publisher\" content=\"https:\/\/www.facebook.com\/elpericoomaha\" \/>\n<meta property=\"article:modified_time\" content=\"2022-04-12T17:54:38+00:00\" \/>\n<meta property=\"og:image\" content=\"https:\/\/el-perico.com\/wp-content\/uploads\/2020\/04\/NAHP-LIGHT-BLUE-INCREDUX.png\" \/>\n<meta name=\"twitter:card\" content=\"summary_large_image\" \/>\n<meta name=\"twitter:label1\" content=\"Tiempo de lectura\" \/>\n\t<meta name=\"twitter:data1\" content=\"4 minutos\" \/>\n\t<meta name=\"twitter:label2\" content=\"Written by\" \/>\n\t<meta name=\"twitter:data2\" content=\"El Perico Staff\" \/>\n<script type=\"application\/ld+json\" class=\"yoast-schema-graph\">{\"@context\":\"https:\\\/\\\/schema.org\",\"@graph\":[{\"@type\":\"WebPage\",\"@id\":\"https:\\\/\\\/el-perico.com\\\/es\\\/acerca-de\\\/\",\"url\":\"https:\\\/\\\/el-perico.com\\\/es\\\/acerca-de\\\/\",\"name\":\"Acerca de Nosotros - el perico\",\"isPartOf\":{\"@id\":\"https:\\\/\\\/el-perico.com\\\/es\\\/#website\"},\"primaryImageOfPage\":{\"@id\":\"https:\\\/\\\/el-perico.com\\\/es\\\/acerca-de\\\/#primaryimage\"},\"image\":{\"@id\":\"https:\\\/\\\/el-perico.com\\\/es\\\/acerca-de\\\/#primaryimage\"},\"thumbnailUrl\":\"https:\\\/\\\/el-perico.com\\\/wp-content\\\/uploads\\\/2020\\\/04\\\/NAHP-LIGHT-BLUE-INCREDUX.png\",\"datePublished\":\"2020-04-15T04:00:51+00:00\",\"dateModified\":\"2022-04-12T17:54:38+00:00\",\"description\":\"El Perico es un medio biling\u00fce (espa\u00f1ol\\\/ingl\u00e9s) de Omaha, involucrado a trav\u00e9s de noticias con la vida hispana, migrantes y festividades locales.\",\"breadcrumb\":{\"@id\":\"https:\\\/\\\/el-perico.com\\\/es\\\/acerca-de\\\/#breadcrumb\"},\"inLanguage\":\"es\",\"potentialAction\":[{\"@type\":\"ReadAction\",\"target\":[\"https:\\\/\\\/el-perico.com\\\/es\\\/acerca-de\\\/\"]}]},{\"@type\":\"ImageObject\",\"inLanguage\":\"es\",\"@id\":\"https:\\\/\\\/el-perico.com\\\/es\\\/acerca-de\\\/#primaryimage\",\"url\":\"https:\\\/\\\/el-perico.com\\\/wp-content\\\/uploads\\\/2020\\\/04\\\/NAHP-LIGHT-BLUE-INCREDUX.png\",\"contentUrl\":\"https:\\\/\\\/el-perico.com\\\/wp-content\\\/uploads\\\/2020\\\/04\\\/NAHP-LIGHT-BLUE-INCREDUX.png\"},{\"@type\":\"BreadcrumbList\",\"@id\":\"https:\\\/\\\/el-perico.com\\\/es\\\/acerca-de\\\/#breadcrumb\",\"itemListElement\":[{\"@type\":\"ListItem\",\"position\":1,\"name\":\"Home\",\"item\":\"https:\\\/\\\/el-perico.com\\\/es\\\/\"},{\"@type\":\"ListItem\",\"position\":2,\"name\":\"Acerca de Nosotros\"}]},{\"@type\":\"WebSite\",\"@id\":\"https:\\\/\\\/el-perico.com\\\/es\\\/#website\",\"url\":\"https:\\\/\\\/el-perico.com\\\/es\\\/\",\"name\":\"el perico\",\"description\":\"La plataforma original de noticias e informaci\u00f3n para la comunidad hispana de Omaha\",\"publisher\":{\"@id\":\"https:\\\/\\\/el-perico.com\\\/es\\\/#organization\"},\"potentialAction\":[{\"@type\":\"SearchAction\",\"target\":{\"@type\":\"EntryPoint\",\"urlTemplate\":\"https:\\\/\\\/el-perico.com\\\/es\\\/?s={search_term_string}\"},\"query-input\":{\"@type\":\"PropertyValueSpecification\",\"valueRequired\":true,\"valueName\":\"search_term_string\"}}],\"inLanguage\":\"es\"},{\"@type\":\"Organization\",\"@id\":\"https:\\\/\\\/el-perico.com\\\/es\\\/#organization\",\"name\":\"el perico\",\"url\":\"https:\\\/\\\/el-perico.com\\\/es\\\/\",\"logo\":{\"@type\":\"ImageObject\",\"inLanguage\":\"es\",\"@id\":\"https:\\\/\\\/el-perico.com\\\/es\\\/#\\\/schema\\\/logo\\\/image\\\/\",\"url\":\"https:\\\/\\\/el-perico.com\\\/wp-content\\\/uploads\\\/2024\\\/05\\\/ElPerico-Logo_NPM-1-e1717102187440.png\",\"contentUrl\":\"https:\\\/\\\/el-perico.com\\\/wp-content\\\/uploads\\\/2024\\\/05\\\/ElPerico-Logo_NPM-1-e1717102187440.png\",\"width\":648,\"height\":216,\"caption\":\"el perico\"},\"image\":{\"@id\":\"https:\\\/\\\/el-perico.com\\\/es\\\/#\\\/schema\\\/logo\\\/image\\\/\"},\"sameAs\":[\"https:\\\/\\\/www.facebook.com\\\/elpericoomaha\"]}]}<\/script>\n<!-- \/ Yoast SEO plugin. -->","yoast_head_json":{"title":"Acerca de Nosotros - el perico","description":"El Perico es un medio biling\u00fce (espa\u00f1ol\/ingl\u00e9s) de Omaha, involucrado a trav\u00e9s de noticias con la vida hispana, migrantes y festividades locales.","robots":{"index":"index","follow":"follow","max-snippet":"max-snippet:-1","max-image-preview":"max-image-preview:large","max-video-preview":"max-video-preview:-1"},"canonical":"https:\/\/el-perico.com\/es\/acerca-de\/","og_locale":"es_ES","og_type":"article","og_title":"Acerca de Nosotros - el perico","og_description":"El Perico es un medio biling\u00fce (espa\u00f1ol\/ingl\u00e9s) de Omaha, involucrado a trav\u00e9s de noticias con la vida hispana, migrantes y festividades locales.","og_url":"https:\/\/el-perico.com\/es\/acerca-de\/","og_site_name":"el perico","article_publisher":"https:\/\/www.facebook.com\/elpericoomaha","article_modified_time":"2022-04-12T17:54:38+00:00","og_image":[{"url":"https:\/\/el-perico.com\/wp-content\/uploads\/2020\/04\/NAHP-LIGHT-BLUE-INCREDUX.png","type":"","width":"","height":""}],"twitter_card":"summary_large_image","twitter_misc":{"Tiempo de lectura":"4 minutos","Written by":"El Perico Staff"},"schema":{"@context":"https:\/\/schema.org","@graph":[{"@type":"WebPage","@id":"https:\/\/el-perico.com\/es\/acerca-de\/","url":"https:\/\/el-perico.com\/es\/acerca-de\/","name":"Acerca de Nosotros - el perico","isPartOf":{"@id":"https:\/\/el-perico.com\/es\/#website"},"primaryImageOfPage":{"@id":"https:\/\/el-perico.com\/es\/acerca-de\/#primaryimage"},"image":{"@id":"https:\/\/el-perico.com\/es\/acerca-de\/#primaryimage"},"thumbnailUrl":"https:\/\/el-perico.com\/wp-content\/uploads\/2020\/04\/NAHP-LIGHT-BLUE-INCREDUX.png","datePublished":"2020-04-15T04:00:51+00:00","dateModified":"2022-04-12T17:54:38+00:00","description":"El Perico es un medio biling\u00fce (espa\u00f1ol\/ingl\u00e9s) de Omaha, involucrado a trav\u00e9s de noticias con la vida hispana, migrantes y festividades locales.","breadcrumb":{"@id":"https:\/\/el-perico.com\/es\/acerca-de\/#breadcrumb"},"inLanguage":"es","potentialAction":[{"@type":"ReadAction","target":["https:\/\/el-perico.com\/es\/acerca-de\/"]}]},{"@type":"ImageObject","inLanguage":"es","@id":"https:\/\/el-perico.com\/es\/acerca-de\/#primaryimage","url":"https:\/\/el-perico.com\/wp-content\/uploads\/2020\/04\/NAHP-LIGHT-BLUE-INCREDUX.png","contentUrl":"https:\/\/el-perico.com\/wp-content\/uploads\/2020\/04\/NAHP-LIGHT-BLUE-INCREDUX.png"},{"@type":"BreadcrumbList","@id":"https:\/\/el-perico.com\/es\/acerca-de\/#breadcrumb","itemListElement":[{"@type":"ListItem","position":1,"name":"Home","item":"https:\/\/el-perico.com\/es\/"},{"@type":"ListItem","position":2,"name":"Acerca de Nosotros"}]},{"@type":"WebSite","@id":"https:\/\/el-perico.com\/es\/#website","url":"https:\/\/el-perico.com\/es\/","name":"el perico","description":"La plataforma original de noticias e informaci\u00f3n para la comunidad hispana de Omaha","publisher":{"@id":"https:\/\/el-perico.com\/es\/#organization"},"potentialAction":[{"@type":"SearchAction","target":{"@type":"EntryPoint","urlTemplate":"https:\/\/el-perico.com\/es\/?s={search_term_string}"},"query-input":{"@type":"PropertyValueSpecification","valueRequired":true,"valueName":"search_term_string"}}],"inLanguage":"es"},{"@type":"Organization","@id":"https:\/\/el-perico.com\/es\/#organization","name":"el perico","url":"https:\/\/el-perico.com\/es\/","logo":{"@type":"ImageObject","inLanguage":"es","@id":"https:\/\/el-perico.com\/es\/#\/schema\/logo\/image\/","url":"https:\/\/el-perico.com\/wp-content\/uploads\/2024\/05\/ElPerico-Logo_NPM-1-e1717102187440.png","contentUrl":"https:\/\/el-perico.com\/wp-content\/uploads\/2024\/05\/ElPerico-Logo_NPM-1-e1717102187440.png","width":648,"height":216,"caption":"el perico"},"image":{"@id":"https:\/\/el-perico.com\/es\/#\/schema\/logo\/image\/"},"sameAs":["https:\/\/www.facebook.com\/elpericoomaha"]}]}},"_links":{"self":[{"href":"https:\/\/el-perico.com\/es\/wp-json\/wp\/v2\/pages\/1224","targetHints":{"allow":["GET"]}}],"collection":[{"href":"https:\/\/el-perico.com\/es\/wp-json\/wp\/v2\/pages"}],"about":[{"href":"https:\/\/el-perico.com\/es\/wp-json\/wp\/v2\/types\/page"}],"author":[{"embeddable":true,"href":"https:\/\/el-perico.com\/es\/wp-json\/wp\/v2\/users\/1"}],"replies":[{"embeddable":true,"href":"https:\/\/el-perico.com\/es\/wp-json\/wp\/v2\/comments?post=1224"}],"version-history":[{"count":1,"href":"https:\/\/el-perico.com\/es\/wp-json\/wp\/v2\/pages\/1224\/revisions"}],"predecessor-version":[{"id":5522,"href":"https:\/\/el-perico.com\/es\/wp-json\/wp\/v2\/pages\/1224\/revisions\/5522"}],"wp:attachment":[{"href":"https:\/\/el-perico.com\/es\/wp-json\/wp\/v2\/media?parent=1224"}],"wp:term":[{"taxonomy":"newspack_spnsrs_tax","embeddable":true,"href":"https:\/\/el-perico.com\/es\/wp-json\/wp\/v2\/newspack_spnsrs_tax?post=1224"},{"taxonomy":"author","embeddable":true,"href":"https:\/\/el-perico.com\/es\/wp-json\/wp\/v2\/coauthors?post=1224"}],"curies":[{"name":"wp","href":"https:\/\/api.w.org\/{rel}","templated":true}]}}