{"id":1211,"date":"2019-02-19T16:30:23","date_gmt":"2019-02-19T21:30:23","guid":{"rendered":"https:\/\/el-perico.kaageg0-liquidwebsites.com\/?page_id=1211"},"modified":"2022-04-12T13:54:54","modified_gmt":"2022-04-12T17:54:54","slug":"anunciese","status":"publish","type":"page","link":"https:\/\/el-perico.com\/es\/anunciese\/","title":{"rendered":"An\u00fanciese"},"content":{"rendered":"<p>Como parte de la familia <a href=\"http:\/\/pioneermediame.com\/\" target=\"_blank\" rel=\"noopener noreferrer\">PioneerMedia<\/a>, El Perico no solo ofrece soluciones publicitarias tradicionales para llegar al mercado latino de Omaha, sino tambi\u00e9n opciones de marketing integradas y firmemente enraizadas en lo digital, que incluyen publicidad en l\u00ednea, programaci\u00f3n, contenido y servicios de optimizaci\u00f3n.<\/p>\n<p>[gravityform id=\u00bb1&#8243; title=\u00bbfalse\u00bb description=\u00bbfalse\u00bb]<\/p>\n","protected":false},"excerpt":{"rendered":"<p>Como parte de la familia PioneerMedia, El Perico no solo ofrece soluciones publicitarias tradicionales para llegar al mercado latino de Omaha, sino tambi\u00e9n opciones de marketing integradas y firmemente enraizadas en lo digital, que incluyen publicidad en l\u00ednea, programaci\u00f3n, contenido y servicios de optimizaci\u00f3n. [gravityform id=\u00bb1&#8243; title=\u00bbfalse\u00bb description=\u00bbfalse\u00bb]<\/p>\n","protected":false},"author":1,"featured_media":0,"parent":0,"menu_order":0,"comment_status":"closed","ping_status":"closed","template":"","meta":{"newspack_ads_suppress_ads":false,"newspack_content_restriction_is_exempt":false,"newspack_featured_image_position":"","newspack_hide_page_title":false,"newspack_show_share_buttons":false,"footnotes":""},"newspack_spnsrs_tax":[],"coauthors":[1233],"class_list":["post-1211","page","type-page","status-publish","hentry","entry"],"yoast_head":"<!-- This site is optimized with the Yoast SEO plugin v27.4 - https:\/\/yoast.com\/product\/yoast-seo-wordpress\/ -->\n<title>An\u00fanciese - el perico<\/title>\n<meta name=\"robots\" content=\"index, follow, max-snippet:-1, max-image-preview:large, max-video-preview:-1\" \/>\n<link rel=\"canonical\" href=\"https:\/\/el-perico.com\/es\/anunciese\/\" \/>\n<meta property=\"og:locale\" content=\"es_ES\" \/>\n<meta property=\"og:type\" content=\"article\" \/>\n<meta property=\"og:title\" content=\"An\u00fanciese - el perico\" \/>\n<meta property=\"og:description\" content=\"Como parte de la familia PioneerMedia, El Perico no solo ofrece soluciones publicitarias tradicionales para llegar al mercado latino de Omaha, sino tambi\u00e9n opciones de marketing integradas y firmemente enraizadas en lo digital, que incluyen publicidad en l\u00ednea, programaci\u00f3n, contenido y servicios de optimizaci\u00f3n. [gravityform id=\u00bb1&#8243; title=\u00bbfalse\u00bb description=\u00bbfalse\u00bb]\" \/>\n<meta property=\"og:url\" content=\"https:\/\/el-perico.com\/es\/anunciese\/\" \/>\n<meta property=\"og:site_name\" content=\"el perico\" \/>\n<meta property=\"article:publisher\" content=\"https:\/\/www.facebook.com\/elpericoomaha\" \/>\n<meta property=\"article:modified_time\" content=\"2022-04-12T17:54:54+00:00\" \/>\n<meta name=\"twitter:card\" content=\"summary_large_image\" \/>\n<meta name=\"twitter:label1\" content=\"Written by\" \/>\n\t<meta name=\"twitter:data1\" content=\"El Perico Staff\" \/>\n<script type=\"application\/ld+json\" class=\"yoast-schema-graph\">{\"@context\":\"https:\\\/\\\/schema.org\",\"@graph\":[{\"@type\":\"WebPage\",\"@id\":\"https:\\\/\\\/el-perico.com\\\/es\\\/anunciese\\\/\",\"url\":\"https:\\\/\\\/el-perico.com\\\/es\\\/anunciese\\\/\",\"name\":\"An\u00fanciese - el perico\",\"isPartOf\":{\"@id\":\"https:\\\/\\\/el-perico.com\\\/es\\\/#website\"},\"datePublished\":\"2019-02-19T21:30:23+00:00\",\"dateModified\":\"2022-04-12T17:54:54+00:00\",\"breadcrumb\":{\"@id\":\"https:\\\/\\\/el-perico.com\\\/es\\\/anunciese\\\/#breadcrumb\"},\"inLanguage\":\"es\",\"potentialAction\":[{\"@type\":\"ReadAction\",\"target\":[\"https:\\\/\\\/el-perico.com\\\/es\\\/anunciese\\\/\"]}]},{\"@type\":\"BreadcrumbList\",\"@id\":\"https:\\\/\\\/el-perico.com\\\/es\\\/anunciese\\\/#breadcrumb\",\"itemListElement\":[{\"@type\":\"ListItem\",\"position\":1,\"name\":\"Home\",\"item\":\"https:\\\/\\\/el-perico.com\\\/es\\\/\"},{\"@type\":\"ListItem\",\"position\":2,\"name\":\"An\u00fanciese\"}]},{\"@type\":\"WebSite\",\"@id\":\"https:\\\/\\\/el-perico.com\\\/es\\\/#website\",\"url\":\"https:\\\/\\\/el-perico.com\\\/es\\\/\",\"name\":\"el perico\",\"description\":\"La plataforma original de noticias e informaci\u00f3n para la comunidad hispana de Omaha\",\"publisher\":{\"@id\":\"https:\\\/\\\/el-perico.com\\\/es\\\/#organization\"},\"potentialAction\":[{\"@type\":\"SearchAction\",\"target\":{\"@type\":\"EntryPoint\",\"urlTemplate\":\"https:\\\/\\\/el-perico.com\\\/es\\\/?s={search_term_string}\"},\"query-input\":{\"@type\":\"PropertyValueSpecification\",\"valueRequired\":true,\"valueName\":\"search_term_string\"}}],\"inLanguage\":\"es\"},{\"@type\":\"Organization\",\"@id\":\"https:\\\/\\\/el-perico.com\\\/es\\\/#organization\",\"name\":\"el perico\",\"url\":\"https:\\\/\\\/el-perico.com\\\/es\\\/\",\"logo\":{\"@type\":\"ImageObject\",\"inLanguage\":\"es\",\"@id\":\"https:\\\/\\\/el-perico.com\\\/es\\\/#\\\/schema\\\/logo\\\/image\\\/\",\"url\":\"https:\\\/\\\/el-perico.com\\\/wp-content\\\/uploads\\\/2024\\\/05\\\/ElPerico-Logo_NPM-1-e1717102187440.png\",\"contentUrl\":\"https:\\\/\\\/el-perico.com\\\/wp-content\\\/uploads\\\/2024\\\/05\\\/ElPerico-Logo_NPM-1-e1717102187440.png\",\"width\":648,\"height\":216,\"caption\":\"el perico\"},\"image\":{\"@id\":\"https:\\\/\\\/el-perico.com\\\/es\\\/#\\\/schema\\\/logo\\\/image\\\/\"},\"sameAs\":[\"https:\\\/\\\/www.facebook.com\\\/elpericoomaha\"]}]}<\/script>\n<!-- \/ Yoast SEO plugin. -->","yoast_head_json":{"title":"An\u00fanciese - el perico","robots":{"index":"index","follow":"follow","max-snippet":"max-snippet:-1","max-image-preview":"max-image-preview:large","max-video-preview":"max-video-preview:-1"},"canonical":"https:\/\/el-perico.com\/es\/anunciese\/","og_locale":"es_ES","og_type":"article","og_title":"An\u00fanciese - el perico","og_description":"Como parte de la familia PioneerMedia, El Perico no solo ofrece soluciones publicitarias tradicionales para llegar al mercado latino de Omaha, sino tambi\u00e9n opciones de marketing integradas y firmemente enraizadas en lo digital, que incluyen publicidad en l\u00ednea, programaci\u00f3n, contenido y servicios de optimizaci\u00f3n. [gravityform id=\u00bb1&#8243; title=\u00bbfalse\u00bb description=\u00bbfalse\u00bb]","og_url":"https:\/\/el-perico.com\/es\/anunciese\/","og_site_name":"el perico","article_publisher":"https:\/\/www.facebook.com\/elpericoomaha","article_modified_time":"2022-04-12T17:54:54+00:00","twitter_card":"summary_large_image","twitter_misc":{"Written by":"El Perico Staff"},"schema":{"@context":"https:\/\/schema.org","@graph":[{"@type":"WebPage","@id":"https:\/\/el-perico.com\/es\/anunciese\/","url":"https:\/\/el-perico.com\/es\/anunciese\/","name":"An\u00fanciese - el perico","isPartOf":{"@id":"https:\/\/el-perico.com\/es\/#website"},"datePublished":"2019-02-19T21:30:23+00:00","dateModified":"2022-04-12T17:54:54+00:00","breadcrumb":{"@id":"https:\/\/el-perico.com\/es\/anunciese\/#breadcrumb"},"inLanguage":"es","potentialAction":[{"@type":"ReadAction","target":["https:\/\/el-perico.com\/es\/anunciese\/"]}]},{"@type":"BreadcrumbList","@id":"https:\/\/el-perico.com\/es\/anunciese\/#breadcrumb","itemListElement":[{"@type":"ListItem","position":1,"name":"Home","item":"https:\/\/el-perico.com\/es\/"},{"@type":"ListItem","position":2,"name":"An\u00fanciese"}]},{"@type":"WebSite","@id":"https:\/\/el-perico.com\/es\/#website","url":"https:\/\/el-perico.com\/es\/","name":"el perico","description":"La plataforma original de noticias e informaci\u00f3n para la comunidad hispana de Omaha","publisher":{"@id":"https:\/\/el-perico.com\/es\/#organization"},"potentialAction":[{"@type":"SearchAction","target":{"@type":"EntryPoint","urlTemplate":"https:\/\/el-perico.com\/es\/?s={search_term_string}"},"query-input":{"@type":"PropertyValueSpecification","valueRequired":true,"valueName":"search_term_string"}}],"inLanguage":"es"},{"@type":"Organization","@id":"https:\/\/el-perico.com\/es\/#organization","name":"el perico","url":"https:\/\/el-perico.com\/es\/","logo":{"@type":"ImageObject","inLanguage":"es","@id":"https:\/\/el-perico.com\/es\/#\/schema\/logo\/image\/","url":"https:\/\/el-perico.com\/wp-content\/uploads\/2024\/05\/ElPerico-Logo_NPM-1-e1717102187440.png","contentUrl":"https:\/\/el-perico.com\/wp-content\/uploads\/2024\/05\/ElPerico-Logo_NPM-1-e1717102187440.png","width":648,"height":216,"caption":"el perico"},"image":{"@id":"https:\/\/el-perico.com\/es\/#\/schema\/logo\/image\/"},"sameAs":["https:\/\/www.facebook.com\/elpericoomaha"]}]}},"_links":{"self":[{"href":"https:\/\/el-perico.com\/es\/wp-json\/wp\/v2\/pages\/1211","targetHints":{"allow":["GET"]}}],"collection":[{"href":"https:\/\/el-perico.com\/es\/wp-json\/wp\/v2\/pages"}],"about":[{"href":"https:\/\/el-perico.com\/es\/wp-json\/wp\/v2\/types\/page"}],"author":[{"embeddable":true,"href":"https:\/\/el-perico.com\/es\/wp-json\/wp\/v2\/users\/1"}],"replies":[{"embeddable":true,"href":"https:\/\/el-perico.com\/es\/wp-json\/wp\/v2\/comments?post=1211"}],"version-history":[{"count":1,"href":"https:\/\/el-perico.com\/es\/wp-json\/wp\/v2\/pages\/1211\/revisions"}],"predecessor-version":[{"id":5525,"href":"https:\/\/el-perico.com\/es\/wp-json\/wp\/v2\/pages\/1211\/revisions\/5525"}],"wp:attachment":[{"href":"https:\/\/el-perico.com\/es\/wp-json\/wp\/v2\/media?parent=1211"}],"wp:term":[{"taxonomy":"newspack_spnsrs_tax","embeddable":true,"href":"https:\/\/el-perico.com\/es\/wp-json\/wp\/v2\/newspack_spnsrs_tax?post=1211"},{"taxonomy":"author","embeddable":true,"href":"https:\/\/el-perico.com\/es\/wp-json\/wp\/v2\/coauthors?post=1211"}],"curies":[{"name":"wp","href":"https:\/\/api.w.org\/{rel}","templated":true}]}}